{"id":78,"date":"2016-10-04T09:56:39","date_gmt":"2016-10-04T09:56:39","guid":{"rendered":"http:\/\/localhost\/dotted\/?page_id=78"},"modified":"2020-12-29T00:47:45","modified_gmt":"2020-12-28T21:47:45","slug":"contact-us","status":"publish","type":"page","link":"http:\/\/datavib.com\/index.php\/contact-us\/","title":{"rendered":"\u0130leti\u015fim"},"content":{"rendered":"<p>[vc_row css=&#8221;.vc_custom_1475575971023{padding-top: 70px !important;padding-bottom: 70px !important;}&#8221;][vc_column offset=&#8221;vc_col-md-3&#8243;][vc_custom_heading text=&#8221;Hakk\u0131m\u0131zda&#8221; font_container=&#8221;tag:h3|text_align:left&#8221; use_theme_fonts=&#8221;yes&#8221; css=&#8221;.vc_custom_1561730427509{margin-bottom: 30px !important;}&#8221;][vc_column_text css=&#8221;.vc_custom_1609191199115{margin-bottom: 30px !important;}&#8221;]Kuruldu\u011fu g\u00fcnden itibaren faaliyetlerini aral\u0131ks\u0131z s\u00fcrd\u00fcren firmam\u0131z, teknolojik alt yap\u0131n\u0131n t\u00fcm gerekliliklerini yerine getirerek m\u00fc\u015fteri ve hizmet portf\u00f6y\u00fcn\u00fc artt\u0131rmay\u0131 hedeflemi\u015ftir. 7\/24 daima m\u00fc\u015fterilerimizin yan\u0131nda olmay\u0131 hedefleyen hizmet anlay\u0131\u015f\u0131m\u0131zla sizlerin yan\u0131n\u0131zda olmay\u0131 taahh\u00fct ediyoruz. M\u00fc\u015fterilerimizin isteklerine en h\u0131zl\u0131 \u015fekilde cevap vererek problemlerine \u00e7\u00f6z\u00fcm bulmay\u0131 kendine ilke edinmi\u015f, ara\u015ft\u0131rmac\u0131 ve kendini s\u00fcrekli yenileyen ekibimizle hizmetinizdeyiz.<\/p>\n<div class=\"address-info\">\n<p><i class=\"fa fa-map-marker color-theme\"><\/i>Turgut \u00d6zal Mah. 64.Sok. No:19\/1 Esenyurt &#8211; \u0130STANBUL<\/p>\n<p><i class=\"fa fa-globe color-theme\"><\/i>www.datavib.com<\/p>\n<p><i class=\"fa fa-envelope-o color-theme\"><\/i>info@datavib.com<\/p>\n<\/div>\n<p>[\/vc_column_text][\/vc_column][vc_column offset=&#8221;vc_col-md-9&#8243;][vc_custom_heading text=&#8221;Haritada Bizi Bulun!&#8221; font_container=&#8221;tag:h3|text_align:left&#8221; use_theme_fonts=&#8221;yes&#8221; css=&#8221;.vc_custom_1561057256797{margin-bottom: 30px !important;}&#8221;][vc_gmaps link=&#8221;#E-8_JTNDaWZyYW1lJTIwc3JjJTNEJTIyaHR0cHMlM0ElMkYlMkZtYXBzLmdvb2dsZS5jb20lMkZtYXBzJTNGcSUzRGRhdGF2aWIlMjUyMG1ha2luZSUyNTIwYmFrJTI1QzQlMjVCMW0lMjUyMHRla25vbG9qaWxlcmklMjZ0JTNEJTI2eiUzRDEzJTI2aWUlM0RVVEY4JTI2aXdsb2MlM0QlMjZvdXRwdXQlM0RlbWJlZCUyMiUyMHdpZHRoJTNEJTIyJTI1MTAwJTIyJTIwaGVpZ2h0JTNEJTIyMzgwJTIwZnJhbWVib3JkZXIlM0QlMjIwJTIyJTIwc3R5bGUlM0QlMjJib3JkZXIlM0EwJTIyJTIwYWxsb3dmdWxsc2NyZWVuJTNFJTNDJTJGaWZyYW1lJTNF&#8221; css=&#8221;.vc_custom_1609192058558{margin-bottom: 30px !important;}&#8221;][vc_custom_heading text=&#8221;Bir T\u0131k Uza\u011f\u0131n\u0131zday\u0131z.&#8221; font_container=&#8221;tag:h3|text_align:left&#8221; use_theme_fonts=&#8221;yes&#8221; css=&#8221;.vc_custom_1561729565298{margin-bottom: 30px !important;}&#8221;]\n<div class=\"wpcf7 no-js\" id=\"wpcf7-f90-o1\" lang=\"en-US\" dir=\"ltr\" data-wpcf7-id=\"90\">\n<div class=\"screen-reader-response\"><p role=\"status\" aria-live=\"polite\" aria-atomic=\"true\"><\/p> <ul><\/ul><\/div>\n<form action=\"\/index.php\/wp-json\/wp\/v2\/pages\/78#wpcf7-f90-o1\" method=\"post\" class=\"wpcf7-form init\" aria-label=\"Contact form\" novalidate=\"novalidate\" data-status=\"init\">\n<fieldset class=\"hidden-fields-container\"><input type=\"hidden\" name=\"_wpcf7\" value=\"90\" \/><input type=\"hidden\" name=\"_wpcf7_version\" value=\"6.1.5\" \/><input type=\"hidden\" name=\"_wpcf7_locale\" value=\"en_US\" \/><input type=\"hidden\" name=\"_wpcf7_unit_tag\" value=\"wpcf7-f90-o1\" \/><input type=\"hidden\" name=\"_wpcf7_container_post\" value=\"0\" \/><input type=\"hidden\" name=\"_wpcf7_posted_data_hash\" value=\"\" \/>\n<\/fieldset>\n<div class=\"right-form-comment\">\n\t<p><span class=\"wpcf7-form-control-wrap\" data-name=\"your-message\"><textarea cols=\"40\" rows=\"10\" maxlength=\"2000\" class=\"wpcf7-form-control wpcf7-textarea form-control\" aria-invalid=\"false\" placeholder=\"Mesaj\u0131n\u0131z\" name=\"your-message\"><\/textarea><\/span>\n\t<\/p>\n<\/div>\n<div class=\"left-form-comment comment-form\">\n\t<div class=\"form-group\">\n\t\t<p><span class=\"wpcf7-form-control-wrap\" data-name=\"your-name\"><input size=\"40\" maxlength=\"400\" class=\"wpcf7-form-control wpcf7-text wpcf7-validates-as-required form-control\" aria-required=\"true\" aria-invalid=\"false\" placeholder=\"Ad\u0131n\u0131z\" value=\"\" type=\"text\" name=\"your-name\" \/><\/span>\n\t\t<\/p>\n\t<\/div>\n\t<div class=\"form-group\">\n\t\t<p><span class=\"wpcf7-form-control-wrap\" data-name=\"your-email\"><input size=\"40\" maxlength=\"400\" class=\"wpcf7-form-control wpcf7-email wpcf7-validates-as-required wpcf7-text wpcf7-validates-as-email form-control\" aria-required=\"true\" aria-invalid=\"false\" placeholder=\"Mail Adresiniz\" value=\"\" type=\"email\" name=\"your-email\" \/><\/span>\n\t\t<\/p>\n\t<\/div>\n\t<p><input class=\"wpcf7-form-control wpcf7-submit has-spinner ot-btn btn-main-color btn-rounded bg-theme text-up white-text\" type=\"submit\" value=\"G\u00d6NDER\" \/>\n\t<\/p>\n<\/div><div class=\"wpcf7-response-output\" aria-hidden=\"true\"><\/div>\n<\/form>\n<\/div>\n[\/vc_column][\/vc_row]<\/p>\n","protected":false},"excerpt":{"rendered":"<p>[vc_row css=&#8221;.vc_custom_1475575971023{padding-top: 70px !important;padding-bottom: 70px !important;}&#8221;][vc_column offset=&#8221;vc_col-md-3&#8243;][vc_custom_heading text=&#8221;Hakk\u0131m\u0131zda&#8221; font_container=&#8221;tag:h3|text_align:left&#8221; use_theme_fonts=&#8221;yes&#8221; css=&#8221;.vc_custom_1561730427509{margin-bottom: 30px !important;}&#8221;][vc_column_text css=&#8221;.vc_custom_1609191199115{margin-bottom: 30px !important;}&#8221;]Kuruldu\u011fu g\u00fcnden itibaren faaliyetlerini aral\u0131ks\u0131z s\u00fcrd\u00fcren firmam\u0131z, teknolojik alt yap\u0131n\u0131n t\u00fcm gerekliliklerini yerine getirerek m\u00fc\u015fteri ve hizmet portf\u00f6y\u00fcn\u00fc artt\u0131rmay\u0131 hedeflemi\u015ftir. 7\/24 daima m\u00fc\u015fterilerimizin yan\u0131nda olmay\u0131 hedefleyen hizmet anlay\u0131\u015f\u0131m\u0131zla sizlerin yan\u0131n\u0131zda olmay\u0131 taahh\u00fct ediyoruz. M\u00fc\u015fterilerimizin isteklerine en h\u0131zl\u0131 \u015fekilde cevap vererek [&hellip;]<\/p>\n","protected":false},"author":2,"featured_media":0,"parent":0,"menu_order":0,"comment_status":"closed","ping_status":"closed","template":"page-templates\/template-fullwidth.php","meta":{"_monsterinsights_skip_tracking":false,"_monsterinsights_sitenote_active":false,"_monsterinsights_sitenote_note":"","_monsterinsights_sitenote_category":0,"footnotes":""},"class_list":["post-78","page","type-page","status-publish","hentry"],"_links":{"self":[{"href":"http:\/\/datavib.com\/index.php\/wp-json\/wp\/v2\/pages\/78","targetHints":{"allow":["GET"]}}],"collection":[{"href":"http:\/\/datavib.com\/index.php\/wp-json\/wp\/v2\/pages"}],"about":[{"href":"http:\/\/datavib.com\/index.php\/wp-json\/wp\/v2\/types\/page"}],"author":[{"embeddable":true,"href":"http:\/\/datavib.com\/index.php\/wp-json\/wp\/v2\/users\/2"}],"replies":[{"embeddable":true,"href":"http:\/\/datavib.com\/index.php\/wp-json\/wp\/v2\/comments?post=78"}],"version-history":[{"count":14,"href":"http:\/\/datavib.com\/index.php\/wp-json\/wp\/v2\/pages\/78\/revisions"}],"predecessor-version":[{"id":1367,"href":"http:\/\/datavib.com\/index.php\/wp-json\/wp\/v2\/pages\/78\/revisions\/1367"}],"wp:attachment":[{"href":"http:\/\/datavib.com\/index.php\/wp-json\/wp\/v2\/media?parent=78"}],"curies":[{"name":"wp","href":"https:\/\/api.w.org\/{rel}","templated":true}]}}